{"id":817,"date":"2022-07-05T17:20:53","date_gmt":"2022-07-05T17:20:53","guid":{"rendered":"https:\/\/www.futur-media.co\/conseil\/"},"modified":"2023-04-04T10:40:28","modified_gmt":"2023-04-04T10:40:28","slug":"conseil","status":"publish","type":"page","link":"https:\/\/www.futur-media.co\/en\/conseil\/","title":{"rendered":"Counseling"},"content":{"rendered":"<p>[vc_row el_class=&#8221;cls-pad-bottom cls-pad-top cls-m&#8221;][vc_column css=&#8221;.vc_custom_1657041887717{padding-top: 0px !important;}&#8221;][vc_row_inner css=&#8221;.vc_custom_1660662007576{margin-bottom: 15px !important;}&#8221;][vc_column_inner][vc_column_text css=&#8221;.vc_custom_1680604151195{margin-bottom: 0px !important;}&#8221; el_class=&#8221;cls-blue-style-p&#8221;]<\/p>\n<h2 class=\"titre-h2\" style=\"text-align: center;\">Solid advice<br \/>\nFor a competitive company<\/h2>\n<p>[\/vc_column_text][\/vc_column_inner][\/vc_row_inner][vc_row_inner][vc_column_inner width=&#8221;1\/6&#8243;][\/vc_column_inner][vc_column_inner width=&#8221;2\/3&#8243;][vc_column_text css=&#8221;.vc_custom_1680604178385{margin-bottom: 0px !important;}&#8221;]<\/p>\n<p style=\"text-align: center;\">Our marketing and management advisors provide you with easy and personalized solutions. Our goal? To advise you on launching your business and developing it sustainably.<\/p>\n<p>[\/vc_column_text][\/vc_column_inner][vc_column_inner width=&#8221;1\/6&#8243;][\/vc_column_inner][\/vc_row_inner][\/vc_column][\/vc_row][vc_row full_width=&#8221;stretch_row&#8221; equal_height=&#8221;yes&#8221; content_placement=&#8221;middle&#8221; el_class=&#8221;cls-flex-dir&#8221; css=&#8221;.vc_custom_1660725132749{margin-bottom: 35px !important;}&#8221;][vc_column width=&#8221;1\/2&#8243; el_class=&#8221;cls-pd-text&#8221;][vc_column_text]visible through pragmatic SEO techniques, through a deep study of visibility circuits (e-reputation, search engine indexing, community management, web development, emailing, etc.). Trusting Futur Media means ensuring the notoriety of your company.<\/p>\n<p>Our consulting agency also offers operational management solutions to enhance your competitiveness.<\/p>\n<p>Benefit from our communication advice! We carry out actions to make your website[\/vc_column_text][vc_column_text css=&#8221;.vc_custom_1680604320542{margin-bottom: 0px !important;}&#8221;]<a class=\"mfn-link mfn-link-4 \" href=\"\/en\/contact\/\" data-hover=\"Contact us\" ontouchstart=\"this.classList.toggle('hover');\"  ><span data-hover=\"Contact us\">Contact us<\/span><\/a>[\/vc_column_text][\/vc_column][vc_column width=&#8221;1\/2&#8243; css=&#8221;.vc_custom_1663608776404{padding-bottom: 80% !important;background-image: url(https:\/\/www.futur-media.co\/wp-content\/uploads\/2022\/09\/services-conseil-centre-appel-futurmedia.jpg?id=666) !important;background-position: center !important;background-repeat: no-repeat !important;background-size: cover !important;}&#8221;][\/vc_column][\/vc_row][vc_row full_width=&#8221;stretch_row&#8221; equal_height=&#8221;yes&#8221; content_placement=&#8221;middle&#8221; css=&#8221;.vc_custom_1662106748464{margin-bottom: 35px !important;}&#8221;][vc_column width=&#8221;1\/2&#8243; css=&#8221;.vc_custom_1663584951584{padding-bottom: 80% !important;background-image: url(https:\/\/www.futur-media.co\/wp-content\/uploads\/2022\/09\/conseil-communication-futur-media.jpg?id=648) !important;background-position: center !important;background-repeat: no-repeat !important;background-size: cover !important;}&#8221;][\/vc_column][vc_column width=&#8221;1\/2&#8243; el_class=&#8221;cls-pd-text&#8221;][vc_column_text]<\/p>\n<h3><b>Advice in communication and digital marketing<\/b><\/h3>\n<p>First step of our partnership: establish a comprehensive diagnosis of your company.<\/p>\n<p>We then propose an action plan to boost your revenue through a tailor-made consulting strategy. Our action plan aims to make your company visible on the internet through means that are adapted to your budget and ambitions.[\/vc_column_text][vc_column_text css=&#8221;.vc_custom_1680604357299{margin-bottom: 0px !important;}&#8221;]<a class=\"mfn-link mfn-link-4 \" href=\"\/en\/marketing-digital\/\" data-hover=\"Read more\" ontouchstart=\"this.classList.toggle('hover');\"  ><span data-hover=\"Read more\">Read more<\/span><\/a>[\/vc_column_text][\/vc_column][\/vc_row][vc_row full_width=&#8221;stretch_row&#8221; css=&#8221;.vc_custom_1662127688788{margin-bottom: 0px !important;padding-top: 30px !important;padding-bottom: 65px !important;background-color: #e5eefc !important;}&#8221;][vc_column][vc_row_inner css=&#8221;.vc_custom_1662125084402{margin-bottom: 0px !important;}&#8221;][vc_column_inner css=&#8221;.vc_custom_1662125078090{margin-bottom: 0px !important;}&#8221;][vc_column_text el_class=&#8221;cls-b&#8221; css=&#8221;.vc_custom_1680604375706{margin-bottom: 25px !important;}&#8221;]<\/p>\n<p style=\"text-align: center;\">Firstly, we conduct an in-depth study of visibility circuits. This step allows us to provide you with advice on search engine optimization techniques and digital marketing strategies.<\/p>\n<p>[\/vc_column_text][\/vc_column_inner][\/vc_row_inner][vc_row_inner equal_height=&#8221;yes&#8221; content_placement=&#8221;middle&#8221; gap=&#8221;25&#8243; css=&#8221;.vc_custom_1662113909019{margin-bottom: 0px !important;}&#8221;][vc_column_inner el_class=&#8221;cls-bloc-conss&#8221; width=&#8221;1\/3&#8243;][vc_single_image image=&#8221;603&#8243; img_size=&#8221;full&#8221; alignment=&#8221;center&#8221; css=&#8221;.vc_custom_1662124943310{margin-bottom: 0px !important;}&#8221;][vc_column_text css=&#8221;.vc_custom_1680604385380{margin-bottom: 0px !important;}&#8221; el_class=&#8221;class-liste-site-e-commerce cls-style-l&#8221;]<\/p>\n<p style=\"text-align: center;\">How to set up your email marketing campaigns.<\/p>\n<p>[\/vc_column_text][\/vc_column_inner][vc_column_inner el_class=&#8221;cls-bloc-conss&#8221; width=&#8221;1\/3&#8243;][vc_single_image image=&#8221;606&#8243; img_size=&#8221;full&#8221; alignment=&#8221;center&#8221; css=&#8221;.vc_custom_1662124953653{margin-bottom: 0px !important;}&#8221;][vc_column_text css=&#8221;.vc_custom_1680604411890{margin-bottom: 0px !important;}&#8221; el_class=&#8221;class-liste-publicitaires cls-style-l&#8221;]<\/p>\n<p style=\"text-align: center;\">How to take care of your e-reputation.<\/p>\n<p>[\/vc_column_text][\/vc_column_inner][vc_column_inner el_class=&#8221;cls-bloc-conss&#8221; width=&#8221;1\/3&#8243;][vc_single_image image=&#8221;605&#8243; img_size=&#8221;full&#8221; alignment=&#8221;center&#8221; css=&#8221;.vc_custom_1662124962719{margin-bottom: 0px !important;}&#8221;][vc_column_text css=&#8221;.vc_custom_1680604420440{margin-bottom: 0px !important;}&#8221; el_class=&#8221;class-liste-concevoir cls-style-l&#8221;]<\/p>\n<p style=\"text-align: center;\">Why practice Community management.<\/p>\n<p>[\/vc_column_text][\/vc_column_inner][\/vc_row_inner][vc_row_inner equal_height=&#8221;yes&#8221; content_placement=&#8221;top&#8221; gap=&#8221;30&#8243; css=&#8221;.vc_custom_1662125703794{margin-bottom: 0px !important;}&#8221;][vc_column_inner width=&#8221;1\/6&#8243;][\/vc_column_inner][vc_column_inner el_class=&#8221;cls-bloc-conss&#8221; width=&#8221;1\/3&#8243;][vc_single_image image=&#8221;604&#8243; img_size=&#8221;full&#8221; alignment=&#8221;center&#8221; css=&#8221;.vc_custom_1662124974545{margin-bottom: 0px !important;}&#8221;][vc_column_text css=&#8221;.vc_custom_1680604428519{margin-bottom: 0px !important;}&#8221; el_class=&#8221;class-liste-management cls-style-l&#8221;]<\/p>\n<p style=\"text-align: center;\">What penalties are applied by search engines.<\/p>\n<p>[\/vc_column_text][\/vc_column_inner][vc_column_inner el_class=&#8221;cls-bloc-conss&#8221; width=&#8221;1\/3&#8243;][vc_single_image image=&#8221;602&#8243; img_size=&#8221;full&#8221; alignment=&#8221;center&#8221; css=&#8221;.vc_custom_1662124986696{margin-bottom: 0px !important;}&#8221;][vc_column_text css=&#8221;.vc_custom_1680604435837{margin-bottom: 0px !important;}&#8221; el_class=&#8221;class-liste-Referencement cls-style-l&#8221;]<\/p>\n<p style=\"text-align: center;\">How to create your website.<\/p>\n<p>[\/vc_column_text][\/vc_column_inner][vc_column_inner width=&#8221;1\/6&#8243;][\/vc_column_inner][\/vc_row_inner][\/vc_column][\/vc_row][vc_row full_width=&#8221;stretch_row&#8221; gap=&#8221;25&#8243; equal_height=&#8221;yes&#8221; el_class=&#8221;cls-pad-bottom cls-pad-top dark class-attch cls-cnt-row top-cls&#8221; css=&#8221;.vc_custom_1662128768462{background-image: url(https:\/\/www.futur-media.co\/wp-content\/uploads\/2022\/08\/contacts-callcenter-futurmedia-bg-nos-prestations-en-marketing-digital.png?id=427) !important;background-position: center !important;background-repeat: no-repeat !important;background-size: cover !important;}&#8221;][vc_column css=&#8221;.vc_custom_1662127109390{padding-top: 0px !important;}&#8221;][vc_single_image image=&#8221;404&#8243; img_size=&#8221;full&#8221; alignment=&#8221;center&#8221; css=&#8221;.vc_custom_1664362800012{margin-bottom: 15px !important;}&#8221;][vc_column_text]<\/p>\n<p style=\"text-align: center;\">So many questions that await our answers<br \/>\nso that together we can implement an effective and sustainable communication strategy.<\/p>\n<p>[\/vc_column_text][vc_column_text css=&#8221;.vc_custom_1680604485755{margin-bottom: 0px !important;}&#8221;]<\/p>\n<p style=\"text-align: center;\"><a class=\"mfn-link mfn-link-4 \" href=\"\/en\/contact\/\" data-hover=\"Contact us\" ontouchstart=\"this.classList.toggle('hover');\"  ><span data-hover=\"Contact us\">Contact us<\/span><\/a><\/p>\n<p>[\/vc_column_text][\/vc_column][\/vc_row][vc_row full_width=&#8221;stretch_row&#8221; equal_height=&#8221;yes&#8221; content_placement=&#8221;middle&#8221; el_class=&#8221;cls-pad-bottom cls-pad-top cls-cnt-row&#8221; css=&#8221;.vc_custom_1657204258327{background-image: url(https:\/\/www.futur-media.co\/wp-content\/uploads\/2022\/07\/centres-appel-futurmedia.jpg?id=309) !important;background-position: center !important;background-repeat: no-repeat !important;background-size: cover !important;}&#8221;][vc_column width=&#8221;1\/2&#8243; css=&#8221;.vc_custom_1657204196280{padding-top: 0px !important;}&#8221;][\/vc_column][vc_column width=&#8221;1\/2&#8243; el_class=&#8221;cls-bloc-centre&#8221;][vc_column_text]<\/p>\n<h3>Support and advice to serve your needs<\/h3>\n<p>[\/vc_column_text][vc_column_text]Futur Media brings you its experience in management and customer relationship management, two essential pillars for the success of your business.<\/p>\n<p>What will you have on the menu?<\/p>\n<ul>\n<li>Customer relationship management<\/li>\n<li>Optimization of your inventory-customer-supplier WCR management<\/li>\n<li>Optimization of your financial organization<\/li>\n<li>Economic profitability<\/li>\n<li>What would you like to have on the menu?<\/li>\n<\/ul>\n<p>But that&#8217;s not all, Futur Media accompanies you for any problem related to your economic and commercial activity. We also offer our call center services. You can outsource all your commercial services to us. This will save you time on a significant portion of work so that you can focus on your professional activities.[\/vc_column_text][vc_column_text]<a class=\"mfn-link mfn-link-4 \" href=\"\/en\/call-center\/\" data-hover=\"Read more\" ontouchstart=\"this.classList.toggle('hover');\"  ><span data-hover=\"Read more\">Read more<\/span><\/a>[\/vc_column_text][\/vc_column][\/vc_row][vc_row full_width=&#8221;stretch_row&#8221; equal_height=&#8221;yes&#8221; content_placement=&#8221;middle&#8221; el_class=&#8221;cls-flex-dir&#8221; css=&#8221;.vc_custom_1662113792334{margin-bottom: 35px !important;padding-top: 45px !important;}&#8221;][vc_column width=&#8221;1\/2&#8243; el_class=&#8221;cls-pd-text&#8221;][vc_column_text]<\/p>\n<h2><b>Our advisors are attentive to your needs<\/b><\/h2>\n<div id=\"gtx-trans\" style=\"position: absolute; left: 109px; top: -4.09375px;\">\n<div class=\"gtx-trans-icon\"><\/div>\n<\/div>\n<p>[\/vc_column_text][vc_column_text]All of your projects are important to us.<\/p>\n<p>Our agents are versatile and will be able to advise your clients on their requests, whatever they may be.<\/p>\n<p>By entrusting the management of customer relations to Futur Media, your call center, you will not only save a significant amount of time, but you will also have a guarantee of trust by collaborating with an experienced partner.<\/p>\n<p>Rigorous and reactive, competent and efficient, our values allow us to be a valued partner.[\/vc_column_text][vc_column_text]<\/p>\n<p style=\"text-align: left;\"><a class=\"mfn-link mfn-link-4 \" href=\"\/en\/contact\/\" data-hover=\"Contact us\" ontouchstart=\"this.classList.toggle('hover');\"  ><span data-hover=\"Contact us\">Contact us<\/span><\/a><\/p>\n<p>[\/vc_column_text][\/vc_column][vc_column width=&#8221;1\/2&#8243; css=&#8221;.vc_custom_1662745757529{padding-bottom: 80% !important;background-image: url(https:\/\/www.futur-media.co\/wp-content\/uploads\/2022\/09\/quelle-que-soit-la-taille-de-votre-entreprise.png?id=614) !important;background-position: center !important;background-repeat: no-repeat !important;background-size: cover !important;}&#8221;][\/vc_column][\/vc_row][vc_row full_width=&#8221;stretch_row&#8221; equal_height=&#8221;yes&#8221; content_placement=&#8221;middle&#8221; disable_element=&#8221;yes&#8221; css=&#8221;.vc_custom_1662745763821{margin-bottom: 50px !important;}&#8221;][vc_column width=&#8221;1\/2&#8243; css=&#8221;.vc_custom_1662127376841{padding-bottom: 80% !important;background-image: url(https:\/\/www.futur-media.co\/wp-content\/uploads\/2022\/09\/quelle-que-soit-la-taille-de-votre-entreprise.png?id=614) !important;background-position: center !important;background-repeat: no-repeat !important;background-size: cover !important;}&#8221;][\/vc_column][vc_column width=&#8221;1\/2&#8243; el_class=&#8221;cls-pd-text&#8221;][vc_column_text]Quelle que soit la taille de votre entreprise, peu importe votre secteur d&#8217;activit\u00e9, nous sommes l\u00e0 pour conseiller vos clients et pour mener \u00e0 bien vos op\u00e9rations commerciales, afin d\u2019obtenir le meilleur rendement de votre entreprise. Nous vous conseillons \u00e9galement en communication et marketing digital pour permettre \u00e0 votre entreprise de gravir un \u00e0 un les \u00e9chelons de la visibilit\u00e9 et la comp\u00e9titivit\u00e9.[\/vc_column_text][vc_column_text css=&#8221;.vc_custom_1657018978285{margin-bottom: 0px !important;}&#8221;]<a class=\"mfn-link mfn-link-4 \" href=\"\/en\/contact\/\" data-hover=\"Contactez-nous\" ontouchstart=\"this.classList.toggle('hover');\"  ><span data-hover=\"Contactez-nous\">Contactez-nous<\/span><\/a>[\/vc_column_text][\/vc_column][\/vc_row][vc_row full_width=&#8221;stretch_row&#8221; el_class=&#8221;cls-pad-bottom cls-pad-top class-attch cls-cnt-row&#8221; css=&#8221;.vc_custom_1657203369923{background-image: url(https:\/\/www.futur-media.co\/wp-content\/uploads\/2022\/07\/contacts-callcenter-futurmedia.jpg?id=313) !important;background-position: center !important;background-repeat: no-repeat !important;background-size: cover !important;}&#8221;][vc_column width=&#8221;1\/6&#8243;][\/vc_column][vc_column width=&#8221;2\/3&#8243; el_class=&#8221;cls-bloc-row dark&#8221;][vc_single_image image=&#8221;243&#8243; img_size=&#8221;full&#8221; alignment=&#8221;center&#8221; css=&#8221;.vc_custom_1657016130641{margin-bottom: -25px !important;}&#8221;][vc_column_text]<\/p>\n<h3 style=\"text-align: center;\">Contact us<\/h3>\n<p>[\/vc_column_text][vc_column_text]<\/p>\n<p style=\"text-align: center;\">To take advantage of our experts&#8217; advice, don&#8217;t hesitate to contact us. We will get back to you as soon as possible.<\/p>\n<p>[\/vc_column_text][vc_column_text]<\/p>\n<p style=\"text-align: center;\"><a class=\"mfn-link mfn-link-4 \" href=\"\/en\/contact\/\" data-hover=\"Contact us\" ontouchstart=\"this.classList.toggle('hover');\"  ><span data-hover=\"Contact us\">Contact us<\/span><\/a><\/p>\n<p>[\/vc_column_text][\/vc_column][vc_column width=&#8221;1\/6&#8243; css=&#8221;.vc_custom_1660752824373{padding-top: 0px !important;}&#8221;][\/vc_column][\/vc_row]<\/p>\n","protected":false},"excerpt":{"rendered":"<p>[vc_row el_class=&#8221;cls-pad-bottom cls-pad-top cls-m&#8221;][vc_column css=&#8221;.vc_custom_1657041887717{padding-top: 0px !important;}&#8221;][vc_row_inner css=&#8221;.vc_custom_1660662007576{margin-bottom: 15px !important;}&#8221;][vc_column_inner][vc_column_text css=&#8221;.vc_custom_1680604151195{margin-bottom: 0px !important;}&#8221; el_class=&#8221;cls-blue-style-p&#8221;] Solid advice For a competitive company [\/vc_column_text][\/vc_column_inner][\/vc_row_inner][vc_row_inner][vc_column_inner width=&#8221;1\/6&#8243;][\/vc_column_inner][vc_column_inner width=&#8221;2\/3&#8243;][vc_column_text css=&#8221;.vc_custom_1680604178385{margin-bottom: 0px !important;}&#8221;]<span class=\"excerpt-hellip\"> [\u2026]<\/span><\/p>\n","protected":false},"author":1,"featured_media":0,"parent":0,"menu_order":0,"comment_status":"closed","ping_status":"closed","template":"","meta":{"footnotes":""},"class_list":["post-817","page","type-page","status-publish","hentry"],"yoast_head":"<!-- This site is optimized with the Yoast SEO plugin v19.7.1 - https:\/\/yoast.com\/wordpress\/plugins\/seo\/ -->\n<title>Conseil en management et communication<\/title>\n<meta name=\"description\" content=\"Futur Media - Vous souhaitez booster votre chiffre d&#039;affaires de fa\u00e7on durable ? Notre agence de conseil vous accompagne pour tout service op\u00e9rationnel en management ou en communication.\" \/>\n<meta name=\"robots\" content=\"index, follow, max-snippet:-1, max-image-preview:large, max-video-preview:-1\" \/>\n<link rel=\"canonical\" href=\"https:\/\/www.futur-media.co\/en\/conseil\/\" \/>\n<meta property=\"og:locale\" content=\"en_US\" \/>\n<meta property=\"og:type\" content=\"article\" \/>\n<meta property=\"og:title\" content=\"Conseil en management et communication\" \/>\n<meta property=\"og:description\" content=\"Futur Media - Vous souhaitez booster votre chiffre d&#039;affaires de fa\u00e7on durable ? Notre agence de conseil vous accompagne pour tout service op\u00e9rationnel en management ou en communication.\" \/>\n<meta property=\"og:url\" content=\"https:\/\/www.futur-media.co\/en\/conseil\/\" \/>\n<meta property=\"og:site_name\" content=\"Futur media\" \/>\n<meta property=\"article:modified_time\" content=\"2023-04-04T10:40:28+00:00\" \/>\n<meta name=\"twitter:card\" content=\"summary_large_image\" \/>\n<meta name=\"twitter:label1\" content=\"Est. reading time\" \/>\n\t<meta name=\"twitter:data1\" content=\"5 minutes\" \/>\n<script type=\"application\/ld+json\" class=\"yoast-schema-graph\">{\"@context\":\"https:\/\/schema.org\",\"@graph\":[{\"@type\":\"WebPage\",\"@id\":\"https:\/\/www.futur-media.co\/en\/conseil\/\",\"url\":\"https:\/\/www.futur-media.co\/en\/conseil\/\",\"name\":\"Conseil en management et communication\",\"isPartOf\":{\"@id\":\"https:\/\/www.futur-media.co\/en\/#website\"},\"datePublished\":\"2022-07-05T17:20:53+00:00\",\"dateModified\":\"2023-04-04T10:40:28+00:00\",\"description\":\"Futur Media - Vous souhaitez booster votre chiffre d'affaires de fa\u00e7on durable ? Notre agence de conseil vous accompagne pour tout service op\u00e9rationnel en management ou en communication.\",\"breadcrumb\":{\"@id\":\"https:\/\/www.futur-media.co\/en\/conseil\/#breadcrumb\"},\"inLanguage\":\"en-US\",\"potentialAction\":[{\"@type\":\"ReadAction\",\"target\":[\"https:\/\/www.futur-media.co\/en\/conseil\/\"]}]},{\"@type\":\"BreadcrumbList\",\"@id\":\"https:\/\/www.futur-media.co\/en\/conseil\/#breadcrumb\",\"itemListElement\":[{\"@type\":\"ListItem\",\"position\":1,\"name\":\"Accueil\",\"item\":\"https:\/\/www.futur-media.co\/en\/\"},{\"@type\":\"ListItem\",\"position\":2,\"name\":\"Counseling\"}]},{\"@type\":\"WebSite\",\"@id\":\"https:\/\/www.futur-media.co\/en\/#website\",\"url\":\"https:\/\/www.futur-media.co\/en\/\",\"name\":\"Futur media\",\"description\":\"En r\u00e9f\u00e9rencement naturel SEO, nos m\u00e9thodes sont en ad\u00e9quation \u00e0 chaque cas de figure et respectent de fa\u00e7on m\u00e9thodique ce que pr\u00e9conise les moteurs de recherche.\",\"potentialAction\":[{\"@type\":\"SearchAction\",\"target\":{\"@type\":\"EntryPoint\",\"urlTemplate\":\"https:\/\/www.futur-media.co\/en\/?s={search_term_string}\"},\"query-input\":\"required name=search_term_string\"}],\"inLanguage\":\"en-US\"}]}<\/script>\n<!-- \/ Yoast SEO plugin. -->","yoast_head_json":{"title":"Conseil en management et communication","description":"Futur Media - Vous souhaitez booster votre chiffre d'affaires de fa\u00e7on durable ? Notre agence de conseil vous accompagne pour tout service op\u00e9rationnel en management ou en communication.","robots":{"index":"index","follow":"follow","max-snippet":"max-snippet:-1","max-image-preview":"max-image-preview:large","max-video-preview":"max-video-preview:-1"},"canonical":"https:\/\/www.futur-media.co\/en\/conseil\/","og_locale":"en_US","og_type":"article","og_title":"Conseil en management et communication","og_description":"Futur Media - Vous souhaitez booster votre chiffre d'affaires de fa\u00e7on durable ? Notre agence de conseil vous accompagne pour tout service op\u00e9rationnel en management ou en communication.","og_url":"https:\/\/www.futur-media.co\/en\/conseil\/","og_site_name":"Futur media","article_modified_time":"2023-04-04T10:40:28+00:00","twitter_card":"summary_large_image","twitter_misc":{"Est. reading time":"5 minutes"},"schema":{"@context":"https:\/\/schema.org","@graph":[{"@type":"WebPage","@id":"https:\/\/www.futur-media.co\/en\/conseil\/","url":"https:\/\/www.futur-media.co\/en\/conseil\/","name":"Conseil en management et communication","isPartOf":{"@id":"https:\/\/www.futur-media.co\/en\/#website"},"datePublished":"2022-07-05T17:20:53+00:00","dateModified":"2023-04-04T10:40:28+00:00","description":"Futur Media - Vous souhaitez booster votre chiffre d'affaires de fa\u00e7on durable ? Notre agence de conseil vous accompagne pour tout service op\u00e9rationnel en management ou en communication.","breadcrumb":{"@id":"https:\/\/www.futur-media.co\/en\/conseil\/#breadcrumb"},"inLanguage":"en-US","potentialAction":[{"@type":"ReadAction","target":["https:\/\/www.futur-media.co\/en\/conseil\/"]}]},{"@type":"BreadcrumbList","@id":"https:\/\/www.futur-media.co\/en\/conseil\/#breadcrumb","itemListElement":[{"@type":"ListItem","position":1,"name":"Accueil","item":"https:\/\/www.futur-media.co\/en\/"},{"@type":"ListItem","position":2,"name":"Counseling"}]},{"@type":"WebSite","@id":"https:\/\/www.futur-media.co\/en\/#website","url":"https:\/\/www.futur-media.co\/en\/","name":"Futur media","description":"En r\u00e9f\u00e9rencement naturel SEO, nos m\u00e9thodes sont en ad\u00e9quation \u00e0 chaque cas de figure et respectent de fa\u00e7on m\u00e9thodique ce que pr\u00e9conise les moteurs de recherche.","potentialAction":[{"@type":"SearchAction","target":{"@type":"EntryPoint","urlTemplate":"https:\/\/www.futur-media.co\/en\/?s={search_term_string}"},"query-input":"required name=search_term_string"}],"inLanguage":"en-US"}]}},"_links":{"self":[{"href":"https:\/\/www.futur-media.co\/en\/wp-json\/wp\/v2\/pages\/817","targetHints":{"allow":["GET"]}}],"collection":[{"href":"https:\/\/www.futur-media.co\/en\/wp-json\/wp\/v2\/pages"}],"about":[{"href":"https:\/\/www.futur-media.co\/en\/wp-json\/wp\/v2\/types\/page"}],"author":[{"embeddable":true,"href":"https:\/\/www.futur-media.co\/en\/wp-json\/wp\/v2\/users\/1"}],"replies":[{"embeddable":true,"href":"https:\/\/www.futur-media.co\/en\/wp-json\/wp\/v2\/comments?post=817"}],"version-history":[{"count":2,"href":"https:\/\/www.futur-media.co\/en\/wp-json\/wp\/v2\/pages\/817\/revisions"}],"predecessor-version":[{"id":831,"href":"https:\/\/www.futur-media.co\/en\/wp-json\/wp\/v2\/pages\/817\/revisions\/831"}],"wp:attachment":[{"href":"https:\/\/www.futur-media.co\/en\/wp-json\/wp\/v2\/media?parent=817"}],"curies":[{"name":"wp","href":"https:\/\/api.w.org\/{rel}","templated":true}]}}